{"id":9,"date":"2020-11-13T14:41:26","date_gmt":"2020-11-13T14:41:26","guid":{"rendered":"https:\/\/dfscentergrup.ro\/dev\/?page_id=9"},"modified":"2022-02-03T11:25:11","modified_gmt":"2022-02-03T11:25:11","slug":"legislatie","status":"publish","type":"page","link":"https:\/\/dfscentergrup.ro\/dev\/legislatie\/","title":{"rendered":"Legislatie"},"content":{"rendered":"<h1>LEGISLA\u021aIE<\/h1>\n<div class=\"flex-radiator\">&nbsp;<\/div>\n<div class=\"aw-scrolled-container\">\n<div class=\"aw-law-header--left\">\n<p class=\"aw-lh--nr\">01<\/p>\n<h2 class=\"aw-lh--title smaller\">LEGISLA\u021aIE PRIVIND SCOPUL,<br \/>\nPRODUCEREA, INTRODUCEREA PE PIA\u021a\u0102, AMENAJAREA \u0218I EXPLOATAREA ECHIPAMENTELOR DE JOAC\u0102 PENTRU COPII<\/h2>\n<p>&nbsp;<\/p>\n<\/div>\n<div class=\"no-imagination-scroll left-scroll\">\n<div data-simplebar=\"\">&nbsp;<\/div>\n<h3 class=\"aw-law-subtitle\">&nbsp;<\/h3>\n<div class=\"legisl-txt\">\n<p>Echipamentele destinate spa\u021biilor de joac\u0103 pentru copii, precum \u0219i lucr\u0103rile de amenajare aferente, vor respecta legisla\u021bia aplicabil\u0103 \u00een vigoare, care cuprinde, f\u0103r\u0103 a fi limitativ\u0103, urm\u0103toarele:<\/p>\n<ul>\n<li><strong>\u2022 SR EN 1176-1:2018<\/strong> &#8211; Echipamente pentru spa\u021bii de joac\u0103 \u0219i suprafe\u021be ale spa\u021biilor de joac\u0103. Partea 1: Cerin\u021be generale de securitate \u0219i metode de \u00eencercare;<\/li>\n<li><strong>\u2022 SR\u00a0EN 1176-2:2018+AC:2020<\/strong> &#8211; Echipamente pentru spa\u021bii de joac\u0103 \u0219i suprafe\u021be ale spa\u021biilor de joac\u0103. Partea 2: Cerin\u021be de securitate specifice suplimentare \u0219i metode de \u00eencercare pentru leag\u0103ne;<\/li>\n<li><strong>\u2022 SR EN 1176-3:2018<\/strong> &#8211; Echipamente pentru spa\u021bii de joac\u0103 \u0219i suprafe\u021be ale spa\u021biilor de joac\u0103. Partea 3: Cerin\u021be de SR EN 1176-3:2008 securitate specifice suplimentare \u0219i metode de \u00eencercare pentru tobogane;<\/li>\n<li><strong>\u2022 SR EN 1176-4:2017+AC:2019<\/strong> &#8211; Echipamente pentru spa\u021bii de joac\u0103 \u0219i suprafe\u021be ale spa\u021biilor de joac\u0103. Partea 4: Cerin\u021be de securitate specifice suplimentare \u0219i metode de \u00eencercare pentru mijloace de transport pe cablu;<\/li>\n<li><strong>\u2022 SR EN 1176-5:2019<\/strong> &#8211; Echipamente pentru spa\u021bii de joac\u0103 \u0219i suprafe\u021be ale spa\u021biilor de joac\u0103. Partea 5: Cerin\u021be de securitate specifice si metode de \u00eencercare suplimentare pentru carusele;<\/li>\n<li><strong>\u2022 SR EN 1176-6:2017+AC:2019<\/strong> &#8211; Echipamente pentru spa\u021bii de joac\u0103 si suprafe\u021be ale spa\u021biilor de joac\u0103. Partea 6: Cerin\u021be de securitate specifice \u0219i metode de \u00eencercare suplimentare pentru echipamente oscilante;<\/li>\n<li><strong>\u2022 SR EN 1176-7:2008<\/strong> &#8211; Echipamente pentru spa\u021bii de joac\u0103 \u0219i suprafe\u021be ale spa\u021biilor de joac\u0103. Partea 7: Ghid de instalare, de control, de \u00eentre\u021binere \u0219i de utilizare;<\/li>\n<li><strong>\u2022 SR EN 1176-10:2008<\/strong> &#8211; Echipamente pentru spa\u021bii de joac\u0103. Partea 10: Cerin\u021be complementare de securitate \u0219i metode de \u00eencercare pentru echipamente de joac\u0103 \u00een totalitate inchise;<\/li>\n<li><strong>\u2022 SR EN 1176-11:2015<\/strong> &#8211; Echipamente pentru spa\u021bii de joac\u0103 \u0219i suprafe\u021be ale spa\u021biilor de joac\u0103. Partea 11: Cerin\u021be complementare de securitate si metode de \u00eencercare pentru re\u021bele tridimensionale;<\/li>\n<li><strong>\u2022 SR EN 1177+AC:2019<\/strong> &#8211; Acoperiri amortizoare de \u0219ocuri, pentru suprafe\u021bele spa\u021biilor de joac\u0103. Determinarea \u00een\u0103l\u021bimii critice de c\u0103dere;<\/li>\n<li><strong>\u2022 PT R 19\/2002<\/strong> &#8211; Cerin\u021be tehnice de securitate privind echipamentele \u0219i instala\u021biile montate \u0219i utilizate \u00een cadrul parcurilor de distrac\u021bii \u0219i spa\u021biilor de joac\u0103;<\/li>\n<li><strong>\u2022 HG 435\/2010<\/strong> &#8211; privind regimul de introducere pe pia\u021b\u0103 \u0219i de exploatare a echipamentelor pentru agrement;<\/li>\n<li><strong>\u2022 Legea 64\/2008<\/strong> &#8211; privind func\u021bionarea \u00een condi\u021bii de siguran\u021b\u0103 a instala\u021biilor sub presiune, instala\u021biilor de ridicat \u0219i aparatelor consumatoare de combustibil;<\/li>\n<li><strong>\u2022 Legea 49\/2019<\/strong> &#8211; pentru modificarea \u0219i completarea Legii 64\/2008 privind func\u021bionarea \u00een condi\u021bii de siguran\u021b\u0103 a instala\u021biilor sub presiune, instala\u021biilor de ridicat \u0219i aparatelor consumatoare de combustibil;<\/li>\n<li><strong>\u2022 PT CR4\/2009- ISCIR<\/strong> &#8211; Prescrip\u021bie Tehnic\u0103 CR4\/2009 &#8211; Autorizarea persoanelor juridice pentru efectuarea de lucr\u0103ri la instala\u021bii sub presiune, instala\u021biilor de ridicat \u0219i aparatelor consumatoare de combustibil, la arz\u0103toare de combustibil gazos \u0219i lichid precum \u0219i la instala\u021bii\/ echipamente destinate activit\u0103\u021bilor de agrement;<\/li>\n<li><strong>\u2022 PT CR8\/2009 \u2013 ISCIR<\/strong> &#8211; Prescrip\u021bie Tehnic\u0103 CR8\/2009- Autorizarea personalului de deservire a instala\u021biilor\/echipamentelor \u0219i acceptarea personalului auxiliar de deservire.<\/li>\n<\/ul>\n<\/div>\n<\/div>\n<\/div>\n<div class=\"aw-scrolled-container\">\n<div class=\"aw-law-header--right\">\n<p class=\"aw-lh--nr\">02<\/p>\n<h2 class=\"aw-lh--title smaller\">EXTRAS DIN LEGISLA\u021aIE PRIVIND C\u00c2TEVA DINTRE OBLIGA\u021aIILE LEGALE APLICABILE DE\u021aIN\u0102TORULUI\/ADMINISTRATORULUI UNUI SPA\u021aIU DE JOAC\u0102.<\/h2>\n<\/div>\n<div class=\"no-imagination-scroll right-scroll\">\n<div data-simplebar=\"\">&nbsp;<\/div>\n<h3 class=\"aw-law-subtitle\">&nbsp;<\/h3>\n<div class=\"legisl-txt\">\n<p>Din punct de vedere al obliga\u021biilor legale aplicabile, De\u021bin\u0103torul\/Administratorul unui spa\u021biu de joac\u0103 are, printre altele, urm\u0103toarele obliga\u021bii:<\/p>\n<ul>\n<li>\u2022 conform <strong>art. 6 alin. (3) din H.G. nr. 435\/2010<\/strong>:<br \/>\n<span>Autorit\u0103\u0163ile publice locale au responsabilitatea asigur\u0103rii func\u0163ion\u0103rii echipamentelor pentru agrement din spa\u0163iile de joac\u0103 amplasate pe domeniul public local, astfel \u00eenc\u00e2t s\u0103 nu fie afectat\u0103 securitatea utilizatorilor.<\/span><\/li>\n<li>\u2022 conform <strong>art. 6 alin. (6.1)&nbsp; \u0219i alin. (6.2)&nbsp;din PTR 19\/2002:<\/strong><br \/>\n<span>Montarea echipamentelor \u0219i instala\u021biilor utilizate \u00een cadrul parcurilor de distrac\u021bii \u0219i spa\u021biilor de joac\u0103&nbsp;\u0219i repararea acestora&nbsp;poate fi f\u0103cut\u0103 de agen\u0163i economici care dispun de mijloace tehnice corespunz\u0103toare \u015fi sunt&nbsp;autoriza\u0163i de ISCIR\u2013INSPECT IT, \u00een condi\u021biile stabilite de prescrip\u021bia tehnic\u0103 PT CR4-2009.<\/span><\/li>\n<li>\u2022 conform <strong>art. 7.2.1. din PT R 19\/2002<\/strong>:<br \/>\n<span>Pentru func\u0163ionarea \u00een condi\u0163ii de securitate a echipamentelor \u015fi instala\u0163iilor montate \u015fi utilizate \u00een parcurile de distrac\u0163ii \u015fi spa\u0163iile de joac\u0103, \u00een conformitate cu prevederile prezentei prescrip\u0163ii tehnice \u015fi ale instruc\u0163iunilor de exploatare specifice, sunt direct r\u0103spunz\u0103tori de\u0163in\u0103torii.<\/span><\/li>\n<li>\u2022 conform <strong>art. 8, pct. 4 si 5 din H.G. nr. 435\/2010<\/strong>:<br \/>\n<span>4. s\u0103 asigure efectuarea reviziilor, repara\u0163iilor \u015fi \u00eentre\u0163inerii echipamentului pentru agrement, conform instruc\u0163iunilor tehnice furnizate de c\u0103tre produc\u0103tor, reprezentantul s\u0103u autorizat sau importator \u015fi atunci c\u00e2nd este cazul, numai cu persoane autorizate conform legii;<br \/>\n5. s\u0103 foloseasc\u0103, atunci c\u00e2nd legisla\u0163ia \u00een vigoare impune acest lucru, numai personal de deservire autorizat.<\/span><\/li>\n<li>\u2022 conform <strong>art.8, alin.(1) si art.9, alin.(2) din Legea 64\/2008, modificata cu art.11, respectiv art.12 din Legea 49\/2019 pentru modificarea si completarea Legii nr. 64\/2008<\/strong>:<br \/>\n<span>Activit\u0103\u021bile de construire, montare, instalare, punere \u00een func\u021biune \u0219i control nedistructiv, cele ce privesc supravegherea tehnic\u0103 \u0219i, dup\u0103 caz, verific\u0103rile tehnice \u00een vederea admiterii func\u021bion\u0103rii \u0219i verific\u0103rile tehnice \u00een utilizare pentru echipamentele\/instala\u021biile prev\u0103zute \u00een anexa nr. 4, verific\u0103rile tehnice \u00een utilizare pentru estimarea duratei remanente de via\u021b\u0103, precum \u0219i reviziile, repara\u021biile, lucr\u0103rile de \u00eentre\u021binere, opera\u021biunile de sudare \u0219i deservire a instala\u021biilor\/echipamentelor&nbsp;se realizeaz\u0103 de c\u0103tre persoane fizice sau juridice autorizate&nbsp;in acest scop.<\/span><\/li>\n<li>\u2022 conform <strong>art. 14, lit (b) din Legea 64\/2008, modificata prin art.13 din Legea 49\/2019 pentru modificarea Legii 64\/2008 si art. 14, lit (c) din Legea 64\/2008<\/strong>:<br \/>\n<span>Persoana fizic\u0103 sau juridic\u0103 ce de\u021bine\/utilizeaz\u0103 o instala\u021bie\/echipament are urm\u0103toarele obliga\u021bii \u0219i responsabilit\u0103\u021bi conform prescrip\u021biilor tehnice:<br \/>\nb) s\u0103 solicite \u0219i s\u0103 ob\u021bin\u0103 autorizarea \/admiterea func\u021bion\u0103rii;<br \/>\nc) s\u0103 ia m\u0103surile necesare \u0219i s\u0103 se asigure c\u0103 instala\u021bia\/echipamentul este utilizat\u0103\/utilizat \u00een condi\u021bii de siguran\u021b\u0103, prin efectuarea reviziilor, repara\u021biilor, \u00eentre\u021binerii de c\u0103tre persoane autorizate, conform documenta\u021biilor \u0219i prescrip\u021biilor tehnice.<br \/>\n<\/span><\/li>\n<li>\u2022 conform <strong>art. 6 alin. (1), lit. a), b), c) cu (ii), (iii), (iv), e) \u0219i h) \u0219i alin. (2) din H.G. nr. 435\/2010<\/strong>:<br \/>\n(1) Administratorul parcului de distrac\u0163ii, indiferent dac\u0103 parcul de distrac\u0163ii se afl\u0103 pe un amplasament temporar sau definitiv, trebuie:<br \/>\na) s\u0103 ob\u0163in\u0103, s\u0103 de\u0163in\u0103 \u015fi s\u0103 pun\u0103 la dispozi\u0163ie organelor de supraveghere \u015fi control, la cerere, autoriza\u0163ia de func\u0163ionare a parcului de distrac\u0163ii, emis\u0103 de autorit\u0103\u0163ile publice locale;<br \/>\nb) s\u0103 efectueze, atunci c\u00e2nd exploatarea echipamentelor de agrement impune acest lucru, bran\u015famentele necesare \u00een conformitate cu legisla\u0163ia aplicabil\u0103 \u00een vigoare;<br \/>\nc) s\u0103 informeze consumatorii, printr-un panou de avertizare, amplasat la intrarea \u00een parcul de distrac\u0163ii, despre:<br \/>\n(ii) num\u0103rul autoriza\u0163iei de func\u0163ionare a parcului de distrac\u0163ii, emis\u0103 de autorit\u0103\u0163ile publice locale;<br \/>\n(iii) datele de identificare a administratorului, inclusiv adresa unde acesta are sediul;<br \/>\n(iv) numerele de telefon ale serviciilor profesioniste pentru situa\u0163ii de urgen\u0163\u0103 (salvare, pompieri, poli\u0163ie) \u015fi al autorit\u0103\u0163ii pentru protec\u0163ia consumatorilor, pentru situa\u0163ii de urgen\u0163\u0103;<br \/>\ne) s\u0103 asigure \u00eemprejmuirea parcului de distrac\u0163ii;<br \/>\nh) s\u0103 anun\u0163e imediat producerea oric\u0103rui accident sau incident grav autorit\u0103\u0163ilor competente;<br \/>\n(2) Prevederile alin. (1) lit. a), b), lit. c) pct. (ii)-(iv), lit. e) \u015fi h) sunt aplicabile \u00een mod corespunz\u0103tor \u015fi administratorilor spa\u0163iilor de joac\u0103.<\/p>\n<ul>\n<\/li>\n<\/ul>\n<li>\u2022 conform <strong>art.7, lit. c), d) si e) din H.G. nr. 435\/2010:<\/strong><br \/>\u00cenainte de punerea \u00een func\u0163iune a echipamentului pentru agrement pe orice amplasament, de\u0163in\u0103torul echipamentului pentru agrement trebuie:<br \/>\nc) s\u0103 se asigure c\u0103 pe fiecare echipament sunt inscrip\u0163ionate lizibil, durabil \u015fi vizibil informa\u0163iile prev\u0103zute \u00een anexa nr. 2;<br \/>\nd) s\u0103 efectueze o analiz\u0103 de risc \u00een exploatare, lu\u00e2ndu-se \u00een considerare prevederile anexei nr. 3.<br \/>\ne) sa obtina autorizatia de functionare a echipamentelor pentru agrement, cu respectarea prevederilor Legii nr.64\/2008 republicata, cu modificarile si completarile ulterioare<\/li>\n<\/ul>\n<h2>Infrac\u021biuni \u0219i Contraven\u021bii<\/h2>\n<ul>\n<li>\u2022 conform <strong>art. 21 din Legea nr. 64\/2008<\/strong>:<br \/>\n<span>Men\u021binerea sau repunerea \u00een func\u021bionare a instala\u021biilor sau echipamentelor, dup\u0103 ce a fost oprit\u0103 sau interzis\u0103 func\u021bionarea acestora, prin proces-verbal \u00eencheiat de c\u0103tre inspectorii de specialitate din cadrul ISCIR, constituie infrac\u021biune \u0219i se pedepse\u0219te cu inchisoare de la 3 luni la 2 ani ori cu amend\u0103.<\/span><\/li>\n<\/ul>\n<ul>\n<li>\u2022 conform <strong>art. 22, alin (1) si (2) din Legea 64\/2008, modificata prin art.15 din Legea 49\/2019 pentru modificarea si completarea Legii 64\/2008<\/strong>:<br \/>\n<span>(1) Efectuarea f\u0103r\u0103 autoriza\u021bie a activit\u0103\u021bilor privitoare la instalarea, construc\u021bia sau montajul instala\u021biilor ori echipamentelor constituie infrac\u021biune \u0219i se pedepse\u0219te cu \u00eenchisoare de la 3 luni la 2 ani sau cu amend\u0103.<\/span><br \/>\n<span>(2) Efectuarea f\u0103r\u0103 autoriza\u021bie a activit\u0103\u021bilor privitoare la punerea \u00een func\u021biune, autorizarea de func\u021bionare, admiterea func\u021bion\u0103rii, verificarea tehnic\u0103 \u00een utilizare, repararea, \u00eentre\u021binerea, exploatarea sau modificarea instala\u021biilor ori echipamentelor constituie infrac\u021biune \u0219i se pedepse\u0219te cu \u00eenchisoare de la 2 ani la 7 ani \u0219i interzicerea unor drepturi.<\/span><br \/>\n<span>(3) Tentativa se pedepseste.<\/span><\/li>\n<\/ul>\n<ul>\n<li>\u2022 conform <strong>art. 25, alin. (1) din Legea 64\/2008, modificata prin art.17 din Legea 49\/2019 pentru modificarea si completarea Legii 64\/2008<\/strong>:<br \/>\n<span>(1) Constatarea contraven\u0163iilor \u015fi aplicarea sanc\u0163iunilor se fac de c\u0103tre inspectorii de specialitate din cadrul ISCIR, desemna\u0163i \u015fi delega\u0163i pentru activitatea de control.<\/span><\/li>\n<\/ul>\n<\/div>\n<\/div>\n<\/div>\n<div class=\"bottom-separator\">&nbsp;<\/div>\n","protected":false},"excerpt":{"rendered":"<p>LEGISLA\u021aIE &nbsp; 01 LEGISLA\u021aIE PRIVIND SCOPUL, PRODUCEREA, INTRODUCEREA PE PIA\u021a\u0102, AMENAJAREA \u0218I EXPLOATAREA ECHIPAMENTELOR DE JOAC\u0102 PENTRU COPII &nbsp; &nbsp; &nbsp; Echipamentele destinate spa\u021biilor de joac\u0103 pentru copii, precum \u0219i lucr\u0103rile de amenajare aferente, vor respecta legisla\u021bia aplicabil\u0103 \u00een vigoare, care cuprinde, f\u0103r\u0103 a fi limitativ\u0103, urm\u0103toarele: \u2022 SR EN 1176-1:2018 &#8211; Echipamente pentru spa\u021bii [&hellip;]<\/p>\n","protected":false},"author":1,"featured_media":0,"parent":0,"menu_order":0,"comment_status":"closed","ping_status":"closed","template":"page-custom-law.php","meta":{"footnotes":""},"_links":{"self":[{"href":"https:\/\/dfscentergrup.ro\/dev\/wp-json\/wp\/v2\/pages\/9"}],"collection":[{"href":"https:\/\/dfscentergrup.ro\/dev\/wp-json\/wp\/v2\/pages"}],"about":[{"href":"https:\/\/dfscentergrup.ro\/dev\/wp-json\/wp\/v2\/types\/page"}],"author":[{"embeddable":true,"href":"https:\/\/dfscentergrup.ro\/dev\/wp-json\/wp\/v2\/users\/1"}],"replies":[{"embeddable":true,"href":"https:\/\/dfscentergrup.ro\/dev\/wp-json\/wp\/v2\/comments?post=9"}],"version-history":[{"count":117,"href":"https:\/\/dfscentergrup.ro\/dev\/wp-json\/wp\/v2\/pages\/9\/revisions"}],"predecessor-version":[{"id":2967,"href":"https:\/\/dfscentergrup.ro\/dev\/wp-json\/wp\/v2\/pages\/9\/revisions\/2967"}],"wp:attachment":[{"href":"https:\/\/dfscentergrup.ro\/dev\/wp-json\/wp\/v2\/media?parent=9"}],"curies":[{"name":"wp","href":"https:\/\/api.w.org\/{rel}","templated":true}]}}