{"id":24,"date":"2020-11-16T11:53:45","date_gmt":"2020-11-16T11:53:45","guid":{"rendered":"https:\/\/dfscentergrup.ro\/dev\/?page_id=24"},"modified":"2021-09-21T06:34:53","modified_gmt":"2021-09-21T06:34:53","slug":"mobilier-urban","status":"publish","type":"page","link":"https:\/\/dfscentergrup.ro\/dev\/mobilier-urban\/","title":{"rendered":"Mobilier urban"},"content":{"rendered":"<div class=\"mobilier-top-section\">\r\n<div class=\"left-mobilier-top\">\r\n<h2>MOBILIER URBAN<\/h2>\r\n<p>O plimbare \u00een parc trebuie s\u0103 fie un moment de bucurie \u0219i relaxare, iar decorul \u0219i dot\u0103rile auxiliare vor ajuta ca acest moment s\u0103 devin\u0103 unul realmente de excep\u021bie. \u00cen urm\u0103toarea sec\u021biune ve\u021bi g\u0103si o selec\u021bie din cele mai c\u0103utate echipamente de mobilier urban.<\/p>\r\n<div class=\"bottom-left-mobilier-top\">\r\n<h3>\u00ceNVA\u0162\u0102-TE S\u0102 TE PLIMBI P\u00c2N\u0102 DEPARTE<\/h3>\r\n<p>&#8211; Thomas Jefferson<\/p>\r\n<\/div>\r\n<\/div>\r\n<div class=\"right-mobilier-top\"><img decoding=\"async\" src=\"https:\/\/dfscentergrup.ro\/dev\/wp-content\/uploads\/2021\/03\/Layer-1932.jpg\" \/><\/div>\r\n<\/div>\r\n<div class=\"mobilier-middle-section\">\r\n<div class=\"row-middle-section\">\r\n\r\n<div class=\"col-middle-section\"><a href=\"https:\/\/dfscentergrup.ro\/dev\/produse\/mobilier-urban-smart\/\"><img decoding=\"async\" src=\"https:\/\/dfscentergrup.ro\/dev\/wp-content\/uploads\/2021\/03\/Layer-1974.jpg\" \/><\/a>\r\n<p>&nbsp;<\/p>\r\n<p>&nbsp;<\/p>\r\n<p>&nbsp;<\/p>\r\n<h3>Mobilier Urban Smart<\/h3>\r\n<p>&nbsp;<\/p>\r\n<\/div>\r\n\r\n<div class=\"col-middle-section\"><a href=\"https:\/\/dfscentergrup.ro\/dev\/produse\/banci-de-agrement\/\"><img decoding=\"async\" src=\"https:\/\/dfscentergrup.ro\/dev\/wp-content\/uploads\/2021\/03\/Layer-19741.jpg\" \/><\/a>\r\n<p>&nbsp;<\/p>\r\n<p>&nbsp;<\/p>\r\n<p>&nbsp;<\/p>\r\n<h3>Banci si scaune de agrement<\/h3>\r\n<\/div>\r\n<div class=\"col-middle-section\"><a href=\"https:\/\/dfscentergrup.ro\/dev\/produse\/cosuri-de-gunoi\/\"><img decoding=\"async\" src=\"https:\/\/dfscentergrup.ro\/dev\/wp-content\/uploads\/2021\/03\/Layer-19742.jpg\" \/><\/a>\r\n<p>&nbsp;<\/p>\r\n<p>&nbsp;<\/p>\r\n<p>&nbsp;<\/p>\r\n<h3>Cosuri de gunoi<\/h3>\r\n<\/div>\r\n<\/div>\r\n<div class=\"row-middle-section\">\r\n<div class=\"col-middle-section\"><a href=\"https:\/\/dfscentergrup.ro\/dev\/produse\/cismele\/\"><img decoding=\"async\" src=\"https:\/\/dfscentergrup.ro\/dev\/wp-content\/uploads\/2021\/03\/Layer-19743.jpg\" \/><\/a>\r\n<p>&nbsp;<\/p>\r\n<p>&nbsp;<\/p>\r\n<p>&nbsp;<\/p>\r\n<h3>Cismele<\/h3>\r\n<\/div>\r\n\r\n<div class=\"col-middle-section\"><a href=\"https:\/\/dfscentergrup.ro\/dev\/produse\/jardiniere\/\"><img decoding=\"async\" src=\"https:\/\/dfscentergrup.ro\/dev\/wp-content\/uploads\/2021\/03\/Layer-19744.jpg\" \/><\/a>\r\n<p>&nbsp;<\/p>\r\n<p>&nbsp;<\/p>\r\n<p>&nbsp;<\/p>\r\n<h3>Jardiniere<\/h3>\r\n<\/div>\r\n\r\n<div class=\"col-middle-section\"><a href=\"https:\/\/dfscentergrup.ro\/dev\/produse\/limitatoare-de-acces\/\"><img decoding=\"async\" src=\"https:\/\/dfscentergrup.ro\/dev\/wp-content\/uploads\/2021\/09\/barecorectate.png\" \/><\/a>\r\n<p>&nbsp;<\/p>\r\n<p>&nbsp;<\/p>\r\n<p>&nbsp;<\/p>\r\n<h3>Limitatoare de acces<\/h3>\r\n<\/div>\r\n<\/div>\r\n<div class=\"row-middle-section\">\r\n\r\n<div class=\"col-middle-section\"><a href=\"https:\/\/dfscentergrup.ro\/dev\/produse\/suporti-de-biciclete\/\"><img decoding=\"async\" src=\"https:\/\/dfscentergrup.ro\/dev\/wp-content\/uploads\/2021\/03\/Layer-1976.jpg\" \/><\/a>\r\n<p>&nbsp;<\/p>\r\n<p>&nbsp;<\/p>\r\n<p>&nbsp;<\/p>\r\n<h3>Suporti de biciclete<\/h3>\r\n<\/div>\r\n\r\n<div class=\"col-middle-section\"><a href=\"https:\/\/dfscentergrup.ro\/dev\/produse\/panouri-de-informare\/\"><img decoding=\"async\" src=\"https:\/\/dfscentergrup.ro\/dev\/wp-content\/uploads\/2021\/09\/panoucoretat.png\" \/><\/a>\r\n<p>&nbsp;<\/p>\r\n<p>&nbsp;<\/p>\r\n<p>&nbsp;<\/p>\r\n<h3>Panouri de informare<\/h3>\r\n<\/div>\r\n\r\n<div class=\"col-middle-section\"><a href=\"https:\/\/dfscentergrup.ro\/dev\/produse\/euro-wc\/\"><img decoding=\"async\" src=\"https:\/\/dfscentergrup.ro\/dev\/wp-content\/uploads\/2021\/03\/Layer-19762.jpg\" \/><\/a>\r\n<p>&nbsp;<\/p>\r\n<p>&nbsp;<\/p>\r\n<p>&nbsp;<\/p>\r\n<h3>Euro WC<\/h3>\r\n<\/div>\r\n\r\n<\/div>\r\n<\/div>\r\n\r\n<p>&nbsp;<\/p>\r\n","protected":false},"excerpt":{"rendered":"<p>MOBILIER URBAN O plimbare \u00een parc trebuie s\u0103 fie un moment de bucurie \u0219i relaxare, iar decorul \u0219i dot\u0103rile auxiliare vor ajuta ca acest moment s\u0103 devin\u0103 unul realmente de excep\u021bie. \u00cen urm\u0103toarea sec\u021biune ve\u021bi g\u0103si o selec\u021bie din cele mai c\u0103utate echipamente de mobilier urban. \u00ceNVA\u0162\u0102-TE S\u0102 TE PLIMBI P\u00c2N\u0102 DEPARTE &#8211; Thomas Jefferson [&hellip;]<\/p>\n","protected":false},"author":1,"featured_media":0,"parent":0,"menu_order":6,"comment_status":"closed","ping_status":"closed","template":"page-custom-mobilier.php","meta":{"footnotes":""},"_links":{"self":[{"href":"https:\/\/dfscentergrup.ro\/dev\/wp-json\/wp\/v2\/pages\/24"}],"collection":[{"href":"https:\/\/dfscentergrup.ro\/dev\/wp-json\/wp\/v2\/pages"}],"about":[{"href":"https:\/\/dfscentergrup.ro\/dev\/wp-json\/wp\/v2\/types\/page"}],"author":[{"embeddable":true,"href":"https:\/\/dfscentergrup.ro\/dev\/wp-json\/wp\/v2\/users\/1"}],"replies":[{"embeddable":true,"href":"https:\/\/dfscentergrup.ro\/dev\/wp-json\/wp\/v2\/comments?post=24"}],"version-history":[{"count":29,"href":"https:\/\/dfscentergrup.ro\/dev\/wp-json\/wp\/v2\/pages\/24\/revisions"}],"predecessor-version":[{"id":2682,"href":"https:\/\/dfscentergrup.ro\/dev\/wp-json\/wp\/v2\/pages\/24\/revisions\/2682"}],"wp:attachment":[{"href":"https:\/\/dfscentergrup.ro\/dev\/wp-json\/wp\/v2\/media?parent=24"}],"curies":[{"name":"wp","href":"https:\/\/api.w.org\/{rel}","templated":true}]}}