{"id":2290,"date":"2021-07-27T07:05:42","date_gmt":"2021-07-27T07:05:42","guid":{"rendered":"https:\/\/dfscentergrup.ro\/dev\/?page_id=2290"},"modified":"2022-03-04T11:25:11","modified_gmt":"2022-03-04T11:25:11","slug":"arhitecti","status":"publish","type":"page","link":"https:\/\/dfscentergrup.ro\/dev\/arhitecti\/","title":{"rendered":"Arhitecti"},"content":{"rendered":"<section class=\"container-arh\">\n<div class=\"hero-arh\">\n<div class=\"inner-hero\">\n<h1 class=\"hero-title\">Arhitec\u021bi &#038; Proiectan\u021bi<\/h1>\n<h3 class=\"hero-descpr\">\u00ce\u021bi suntem al\u0103turi pas cu pas, de la consultan\u021b\u0103,  la mentenan\u021b\u0103<\/h3>\n<\/p><\/div>\n<\/div>\n<div class=\"about-arh\">\n<div class=\"a-col-1\">\n<p class=\"a-text\">\u00cen cele peste 1000 de proiecte realizate, am \u00eenv\u0103\u021bat c\u0103 fiecare<br \/>\n    amenajare are propriile particularit\u0103\u021bi \u0219i c\u0103 fiecare client are<br \/>\n    nevoi diferite. <br \/><\/br>De aceea, am creat un sistem care ne permite s\u0103<br \/>\n    oferim solu\u021bii personalizate fiec\u0103rui proiect \u00een parte, precum \u0219i<br \/>\n    consultan\u021ba necesar\u0103 pe tot parcursul procesului.<br \/><\/br><\/p>\n<p class=\"a-text\">\n Astfel am ajuns s\u0103 ne perfec\u021bion\u0103m constant serviciile, oferind<br \/>\n    ast\u0103zi nu doar produse de cea mai \u00eenalt\u0103 calitate, ci \u0219i o<br \/>\n    experien\u021b\u0103 de colaborare profesionist\u0103, f\u0103r\u0103 surprize<br \/>\n    neprev\u0103zute.<\/p>\n<\/p><\/div>\n<div class=\"a-col-2\">\n    <img decoding=\"async\" src=\"https:\/\/dfscentergrup.ro\/dev\/wp-content\/uploads\/2021\/07\/coperta-catalog.png\" class=\"a-img\">\n  <\/div>\n<\/div>\n<div class=\"col-banner\"><img decoding=\"async\" class=\"banner-complexe nou\" src=\"https:\/\/dfscentergrup.ro\/dev\/wp-content\/uploads\/2021\/10\/3.-Salvati-Copiii.png\"><\/p>\n<div id=\"tematice\" class=\"text-banner-complexe\">\n<p>Speciali\u0219tii no\u0219tri v\u0103 pot transmite toate documentele pentru <strong>asigurarea conformit\u0103\u021bii tehnice \u0219i legislative<\/strong>, at\u00e2t a produselor, c\u00e2t \u0219i a lucr\u0103rilor.<\/p>\n<\/div>\n<\/div>\n<div class=\"text-legislatie\">\n<div class=\"casuta-galbena\" id=\"btnafis1\">\n<h4>Legislatie<\/h4>\n<h2 class=\"text-plus\"><span>+<\/span><\/h2>\n<\/div>\n<div class=\"content-legislatie\" id=\"casuta1\" style=\"display:none\">\n<div class=bottom-text>\n<p><span style=\"color:#ef4e74\">\u2022<\/span> Referin\u021be legislative (standarde, prescrip\u021bii tehnice, legi, HG-uri, ordine, etc.)<\/p>\n<p><a class=\"choose-moar-btn mov\" href=\"https:\/\/dfscentergrup.ro\/dev\/legislatie\/\" >Afl\u0103 mai multe<\/a>\n<\/div>\n<\/div>\n<\/div>\n<div class=\"text-legislatie\">\n<div class=\"casuta-galbena\" id=\"btnafis2\">\n<h4>Documente privind conformitatea produselor \u0219i lucr\u0103rilor<\/h4>\n<h2 class=\"text-plus\" ><span>+<\/span><\/h2>\n<\/div>\n<div class=\"content-legislatie\" id=\"casuta2\" style=\"display:none\">\n<div class=\"info-div\">\n<div>\n<img src=https:\/\/dfscentergrup.ro\/dev\/wp-content\/uploads\/2021\/10\/Info-Tooltip.png>\n<\/div>\n<p>Documentele privind conformitatea produselor \u0219i lucr\u0103rilor se refer\u0103 la:<br \/>\n   &nbsp;&#8211; alegere produse;<br \/>\n   &nbsp;&#8211; livrare \u0219i instalare echipamente;<br \/>\n   &nbsp;&#8211; evaluare riscuri;<br \/>\n   &nbsp;&#8211; admitere la func\u021bionare;<br \/>\n   &nbsp;&#8211; \u00eentre\u021binere \u0219i revizie.<br \/>\n<br \/><span style=\"color:#ef4e74;font-style:italic\">Not\u0103<\/span>: Documentele puse la dispozi\u021bie pentru desc\u0103rcare sunt cu titlu de exemplu, fiind create pentru un produs specific, comercializat de DFS CENTER GRUP sau pentru o lucrare\/amenajare.<\/p>\n<\/div>\n<h3 class=\"pink-text\">Urmatoarele documente pot fi desc\u0103rcate prin formularul de mai jos:<\/h3>\n<div class=bottom-text>\n<p><span style=\"color:#ef4e74\">\u2022<\/span> Desenul de ansamblu, reprezentare foto echipamente<\/p>\n<p><span style=\"color:#ef4e74\">\u2022<\/span> Plan\u0219e cu dimensiunile de gabarit ale echipamentelor, inclusiv cu eviden\u021bierea suprafe\u021belor de securitate<\/p>\n<p><span style=\"color:#ef4e74\">\u2022<\/span> Descrierea constructiv\u0103, cu date privind utilizarea \u0219i func\u021bionarea produselor<\/p>\n<p><span style=\"color:#ef4e74\">\u2022<\/span> Plan\u0219e cu eviden\u021bierea condi\u021biilor pentru realizarea funda\u021biilor echipamentelor<\/p>\n<p><span style=\"color:#ef4e74\">\u2022<\/span> Instruc\u021biuni de asamblare \/ montaj, con\u021bin\u00e2nd:<br \/>\n  &nbsp;&#8211; delimitarea suprafe\u021bei de instalare, inclusiv suprafa\u021ba de securitate;<br \/>\n  &nbsp;&#8211; prezentarea componentelor (pieselor de schimb livrabile) pe desenul de ansamblu al echipamentului;<br \/>\n  &nbsp;&#8211; planul de funda\u021bii;<br \/>\n  &nbsp;&#8211; instruc\u021biuni de asamblare.<\/p>\n<p><span style=\"color:#ef4e74\">\u2022<\/span> Principii de instalare, \u00eentre\u021binere \u0219i revizie<\/p>\n<p><span style=\"color:#ef4e74\">\u2022<\/span> Reprezentarea 2D pentru fiecare echipament solicitat, \u00een format .dwg<\/p>\n<p><span style=\"color:#ef4e74\">\u2022<\/span> Reprezentarea 3D pentru fiecare echipament solicitat, \u00een format .dwg \u0219i eventual o propunere cu pozi\u021bionarea echipamentelor \u00een amplasament<\/p>\n<p><span style=\"color:#ef4e74\">\u2022<\/span> Certificate de conformitate de tip CE (TUV sau echivalent) pentru fiecare echipament<\/p>\n<p><span style=\"color:#ef4e74\">\u2022<\/span> Declara\u021bie cu con\u021binutul panoului de avertizare \/ de instruc\u021biuni pentru orice amenajare<\/p>\n<p><span style=\"color:#ef4e74\">\u2022<\/span> Declara\u021bie cu con\u021binutul pl\u0103cu\u021bei \/ etichetei aferente fiec\u0103rui echipament<\/p>\n<p><span style=\"color:#ef4e74\">\u2022<\/span> Documente care atest\u0103 certificarea companiei \u00een domeniul managementului calit\u0103\u021bii:<br \/>\n  &nbsp;&#8211; Certificarea managementului calit\u0103\u021bii ISO 9001;<br \/>\n  &nbsp;&#8211; Certificarea managementului de mediu ISO 14001;<br \/>\n  &nbsp;&#8211; Certificarea managementului s\u0103n\u0103t\u0103\u021bii \u0219i securit\u0103\u021bii ocupa\u021bionale ISO 45001.<\/p>\n<p><span style=\"color:#ef4e74\">\u2022<\/span> Schi\u021ba cu reprezentarea subansamblurilor (pieselor de schimb livrabile) pe desenul de ansamblu al echipamentului \u0219i lista centralizat\u0103 a acestora<\/p>\n<p><a class=\"choose-moar-btn mov\" href=\"#formular\">Descarc\u0103<\/a>\n<\/div>\n<h3 class=\"pink-text\">Urmatoarele documente pot fi puse la dispozi\u021bie la cerere sau la ini\u021bierea unei colabor\u0103ri:<\/h3>\n<div class=bottom-text>\n<p><span style=\"color:#ef4e74\">\u2022<\/span> Instruc\u021biuni de utilizare<\/p>\n<p><span style=\"color:#ef4e74\">\u2022<\/span> Instruc\u021biuni de mentenan\u021b\u0103<\/p>\n<p><span style=\"color:#ef4e74\">\u2022<\/span> Declara\u021bie privind durata (termenul) de livrare \u0219i instalare \/ montare<\/p>\n<p><span style=\"color:#ef4e74\">\u2022 <\/span>Descriere tip lucr\u0103ri (etape, opera\u021biuni, cantit\u0103\u021bi etc) \u0219i estimare costuri<\/p>\n<p><span style=\"color:#ef4e74\">\u2022 <\/span>Declara\u021bia produc\u0103torului de livrare a pieselor de schimb pe o perioad\u0103 de minim 10 ani<\/p>\n<p><span style=\"color:#ef4e74\">\u2022<\/span> Declara\u021bie \/ acord al produc\u0103torului de comercializare a produselor<\/p>\n<p><span style=\"color:#ef4e74\">\u2022 <\/span>Declara\u021bie privind perioada de garan\u021bie acordat\u0103 pentru echipamente<\/p>\n<p><span style=\"color:#ef4e74\">\u2022 <\/span>Declara\u021bie privind perioada de garan\u021bie acordat\u0103 pentru lucr\u0103ri<\/p>\n<p><span style=\"color:#ef4e74\">\u2022 <\/span>Certificat de calitate<\/p>\n<p><span style=\"color:#ef4e74\">\u2022 <\/span>Declara\u021bia de conformitate<\/p>\n<p><span style=\"color:#ef4e74\">\u2022 <\/span>Autoriza\u021bii pentru efectuarea tuturor activit\u0103\u021bilor de instalare, montaj, verificare tehnic\u0103, \u00eentre\u021binere, revizii \u0219i repara\u021bii:<br \/>\n  &nbsp;&#8211; autoriza\u021bia pentru activit\u0103\u021bile de montare \u0219i reparare echipamente pentru agrement;<br \/>\n  &nbsp;&#8211; autoriza\u021bia pentru activit\u0103\u021bile de \u00eentre\u021binere \u0219i revizii echipamente pentru agrement;<br \/>\n  &nbsp;&#8211; sudori autoriza\u021bi ISCIR.<\/p>\n<p><span style=\"color:#ef4e74\">\u2022 <\/span>Dup\u0103 caz, mostre ale echipamentelor \/ subansamblelor, \u00een vederea evalu\u0103rii caracteristicilor \u0219i performan\u021belor tehnice ale materialelor, elementelor de asamblare, procedee \u0219i procese tehnologice, etc.<\/p>\n<p><a class=\"choose-moar-btn mov\" href=\"https:\/\/dfscentergrup.ro\/dev\/contact\/\">Contact<\/a>\n<\/div>\n<\/div>\n<\/div>\n<div class=\"text-legislatie\">\n<div class=\"casuta-galbena\" id=\"btnafis3\">\n<h4>Consultan\u021b\u0103 \u0219i \u00eentocmire documenta\u021bii, obligatorii pentru de\u021bin\u0103tor<\/h4>\n<h2 class=\"text-plus\" ><span>+<\/span><\/h2>\n<\/div>\n<div class=\"content-legislatie\" id=\"casuta3\" style=\"display:none\">\n<h3 class=\"pink-text\">Urmatoarele documente pot fi puse la dispozi\u021bie la cerere sau la ini\u021bierea unei colabor\u0103ri:<\/h3>\n<div class=bottom-text>\n<p>\n<span style=\"color:#ef4e74\">\u2022<\/span> Analiza de risc \u00een exploatare<\/p>\n<p><span style=\"color:#ef4e74\">\u2022<\/span> Rapoarte tehnice privind solicitarea autoriz\u0103rii\/admiterii func\u021bion\u0103rii<\/p>\n<p><span style=\"color:#ef4e74\">\u2022<\/span> Plan de mentenan\u021b\u0103<\/p>\n<p><span style=\"color:#ef4e74\">\u2022<\/span> Regulament de organizare \u0219i func\u021bionare a spa\u021biilor de joac\u0103 \u0219i agrement<\/p>\n<p><a class=\"choose-moar-btn mov\" href=\"https:\/\/dfscentergrup.ro\/dev\/contact\/\">Contact<\/a>\n<\/div>\n<\/div>\n<\/div>\n<div class=download>\n<div class=form id=\"formular\">\n<div class=download-text>\n<h2 class=\"s-text\">DESCARC\u0102 DOCUMENTELE PE CARE \u021aI LE PUNEM LA DISPOZI\u021aIE.<\/h2>\n<\/div>\n\n<div class=\"wpcf7 no-js\" id=\"wpcf7-f2869-o1\" lang=\"en-US\" dir=\"ltr\">\n<div class=\"screen-reader-response\"><p role=\"status\" aria-live=\"polite\" aria-atomic=\"true\"><\/p> <ul><\/ul><\/div>\n<form action=\"\/dev\/wp-json\/wp\/v2\/pages\/2290#wpcf7-f2869-o1\" method=\"post\" class=\"wpcf7-form init down-form\" aria-label=\"Contact form\" novalidate=\"novalidate\" data-status=\"init\">\n<div style=\"display: none;\">\n<input type=\"hidden\" name=\"_wpcf7\" value=\"2869\" \/>\n<input type=\"hidden\" name=\"_wpcf7_version\" value=\"5.8.7\" \/>\n<input type=\"hidden\" name=\"_wpcf7_locale\" value=\"en_US\" \/>\n<input type=\"hidden\" name=\"_wpcf7_unit_tag\" value=\"wpcf7-f2869-o1\" \/>\n<input type=\"hidden\" name=\"_wpcf7_container_post\" value=\"0\" \/>\n<input type=\"hidden\" name=\"_wpcf7_posted_data_hash\" value=\"\" \/>\n<input type=\"hidden\" name=\"_wpcf7_recaptcha_response\" value=\"\" \/>\n<\/div>\n<div class=\"t-input\">\n\t<p><label> Nume <span style=\"color: red\">*<\/span> <\/label><br \/>\n<span class=\"wpcf7-form-control-wrap\" data-name=\"your-fname\"><input size=\"40\" class=\"wpcf7-form-control wpcf7-text wpcf7-validates-as-required\" aria-required=\"true\" aria-invalid=\"false\" value=\"\" type=\"text\" name=\"your-fname\" \/><\/span>\n\t<\/p>\n\t<p><label>Prenume <span style=\"color: red\">*<\/span><\/label><br \/>\n<span class=\"wpcf7-form-control-wrap\" data-name=\"your-sname\"><input size=\"40\" class=\"wpcf7-form-control wpcf7-text wpcf7-validates-as-required\" aria-required=\"true\" aria-invalid=\"false\" value=\"\" type=\"text\" name=\"your-sname\" \/><\/span>\n\t<\/p>\n\t<p><label>Telefon <span style=\"color: red\">*<\/span><\/label><br \/>\n<span class=\"wpcf7-form-control-wrap\" data-name=\"your-tel\"><input size=\"40\" class=\"wpcf7-form-control wpcf7-tel wpcf7-validates-as-required wpcf7-text wpcf7-validates-as-tel\" aria-required=\"true\" aria-invalid=\"false\" value=\"\" type=\"tel\" name=\"your-tel\" \/><\/span>\n\t<\/p>\n\t<p><label>Email <span style=\"color: red\">*<\/span><\/label><br \/>\n<span class=\"wpcf7-form-control-wrap\" data-name=\"your-email\"><input size=\"40\" class=\"wpcf7-form-control wpcf7-email wpcf7-validates-as-required wpcf7-text wpcf7-validates-as-email\" aria-required=\"true\" aria-invalid=\"false\" value=\"\" type=\"email\" name=\"your-email\" \/><\/span>\n\t<\/p>\n<\/div>\n<p><span class=\"wpcf7-form-control-wrap\" data-name=\"your-consent\"><span class=\"wpcf7-form-control wpcf7-acceptance\"><span class=\"wpcf7-list-item\"><label><input type=\"checkbox\" name=\"your-consent\" value=\"1\" aria-invalid=\"false\" \/><span class=\"wpcf7-list-item-label\"><span style=\"color: red\">*<\/span><a style=\"text-decoration:none;color:black;\" href=https:\/\/dfscentergrup.ro\/dev\/politica-de-confidentialitate\/>Sunt de acord cu prelucrarea datelor cu caracter personal.<\/a><\/span><\/label><\/span><\/span><\/span>\n<\/p>\n<span class=\"wpcf7-form-control-wrap recaptcha\" data-name=\"recaptcha\"><span data-sitekey=\"6LeQgvgcAAAAAJyifiJUcBVc0RLtYaMq-aeFCnSU\" class=\"wpcf7-form-control wpcf7-recaptcha g-recaptcha\"><\/span>\r\n<noscript>\r\n\t<div class=\"grecaptcha-noscript\">\r\n\t\t<iframe loading=\"lazy\" src=\"https:\/\/www.google.com\/recaptcha\/api\/fallback?k=6LeQgvgcAAAAAJyifiJUcBVc0RLtYaMq-aeFCnSU\" frameborder=\"0\" scrolling=\"no\" width=\"310\" height=\"430\">\r\n\t\t<\/iframe>\r\n\t\t<textarea name=\"g-recaptcha-response\" rows=\"3\" cols=\"40\" placeholder=\"reCaptcha Response Here\">\r\n\t\t<\/textarea>\r\n\t<\/div>\r\n<\/noscript>\r\n<\/span>\n<p><input class=\"wpcf7-form-control wpcf7-submit has-spinner\" type=\"submit\" value=\"Descarc\u0103\" \/>\n<\/p><div class=\"wpcf7-response-output\" aria-hidden=\"true\"><\/div>\n<\/form>\n<\/div>\n<\/div>\n<div class=down-img>\n      <img decoding=\"async\" src=\"https:\/\/dfscentergrup.ro\/dev\/wp-content\/uploads\/2021\/10\/Form-Image.png\" class=\"d-img\">\n   <\/div>\n<\/div>\n<div class=\"offer\">\n<div class=\"inner-offer\">\n<h1 class=\"o-title\">Po\u021bi solicita aici oferta personalizat\u0103<\/h1>\n<p>    <a href=https:\/\/dfscentergrup.ro\/dev\/contact\/><button class=\"o-button\">Ofert\u0103<\/button><\/a>\n  <\/div>\n<\/div>\n<\/section>\n","protected":false},"excerpt":{"rendered":"<p>Arhitec\u021bi &#038; Proiectan\u021bi \u00ce\u021bi suntem al\u0103turi pas cu pas, de la consultan\u021b\u0103, la mentenan\u021b\u0103 \u00cen cele peste 1000 de proiecte realizate, am \u00eenv\u0103\u021bat c\u0103 fiecare amenajare are propriile particularit\u0103\u021bi \u0219i c\u0103 fiecare client are nevoi diferite. De aceea, am creat un sistem care ne permite s\u0103 oferim solu\u021bii personalizate fiec\u0103rui proiect \u00een parte, precum \u0219i [&hellip;]<\/p>\n","protected":false},"author":1,"featured_media":0,"parent":0,"menu_order":0,"comment_status":"closed","ping_status":"closed","template":"","meta":{"footnotes":""},"_links":{"self":[{"href":"https:\/\/dfscentergrup.ro\/dev\/wp-json\/wp\/v2\/pages\/2290"}],"collection":[{"href":"https:\/\/dfscentergrup.ro\/dev\/wp-json\/wp\/v2\/pages"}],"about":[{"href":"https:\/\/dfscentergrup.ro\/dev\/wp-json\/wp\/v2\/types\/page"}],"author":[{"embeddable":true,"href":"https:\/\/dfscentergrup.ro\/dev\/wp-json\/wp\/v2\/users\/1"}],"replies":[{"embeddable":true,"href":"https:\/\/dfscentergrup.ro\/dev\/wp-json\/wp\/v2\/comments?post=2290"}],"version-history":[{"count":135,"href":"https:\/\/dfscentergrup.ro\/dev\/wp-json\/wp\/v2\/pages\/2290\/revisions"}],"predecessor-version":[{"id":3047,"href":"https:\/\/dfscentergrup.ro\/dev\/wp-json\/wp\/v2\/pages\/2290\/revisions\/3047"}],"wp:attachment":[{"href":"https:\/\/dfscentergrup.ro\/dev\/wp-json\/wp\/v2\/media?parent=2290"}],"curies":[{"name":"wp","href":"https:\/\/api.w.org\/{rel}","templated":true}]}}