{"id":20,"date":"2020-11-16T11:53:07","date_gmt":"2020-11-16T11:53:07","guid":{"rendered":"https:\/\/dfscentergrup.ro\/dev\/?page_id=20"},"modified":"2021-09-22T10:26:52","modified_gmt":"2021-09-22T10:26:52","slug":"complexe-de-joaca","status":"publish","type":"page","link":"https:\/\/dfscentergrup.ro\/dev\/complexe-de-joaca\/","title":{"rendered":"Complexe de joaca"},"content":{"rendered":"<div class=\"complexe-top-section\">\n<div class=\"left-complexe-top\">\n<h2>Complexe de joac\u0103<\/h2>\n<p>Dac\u0103 adul\u021bii caut\u0103 din ce \u00een ce mai mult pachete complete de produse \u0219i servicii u\u0219or de identificat \u0219i achizi\u021bionat, de ce aceea\u0219i regul\u0103 nu ar fi valabil\u0103 \u0219i \u00een cazul copiilor secolului XXI? Este unul dintre motivele pentru care am creat complexele de joac\u0103, care \u00eenglobeaz\u0103 \u00eentr-un singur ansamblu, un num\u0103r mai mic sau mai mare de echipamente \u0219i jocuri ce favorizeaz\u0103 at\u00e2t dezvoltarea abilit\u0103\u021bilor fizice ale fiec\u0103rui prichindel, c\u00e2t \u0219i competitivitatea \u0219i deprinderea caracteristicilor de colaborare.<\/p>\n<div class=\"bottom-left-complexe-top\">\n<h3>S\u0102 NU TE DEZVE\u0162I DE JOACA LUMINOAS\u0102 A COPIL\u0102RIEI.<\/h3>\n<p>&#8211; Zoltan Terner<\/p>\n<\/div>\n<\/div>\n<div class=\"right-complexe-top\"><img decoding=\"async\" src=\"https:\/\/dfscentergrup.ro\/dev\/wp-content\/uploads\/2021\/05\/Layer-1495.png\"><\/div>\n<\/div>\n<div class=\"complexe-middle-section\">\n<div class=\"row-middle-section-2\">\n<div id=\"modulare\" class=\"col-middle-section\"><a href=\"https:\/\/dfscentergrup.ro\/dev\/complexe-de-joaca-tematice\/\"><img decoding=\"async\" src=\"https:\/\/dfscentergrup.ro\/dev\/wp-content\/uploads\/2021\/09\/EX380-1.png\">&nbsp;&nbsp;<\/a>&nbsp;&nbsp;&nbsp;&nbsp;<\/p>\n<h3>Complexe de joac\u0103 tematice<\/h3>\n<\/p><\/div>\n<div id=\"modulare\" class=\"col-middle-section\"><a href=\"https:\/\/dfscentergrup.ro\/dev\/produse\/complexe-de-joaca-modulare\/\"><img decoding=\"async\" src=\"https:\/\/dfscentergrup.ro\/dev\/wp-content\/uploads\/2021\/09\/Madalina-1.png\">&nbsp;&nbsp;<\/a>&nbsp;&nbsp;&nbsp;&nbsp;<\/p>\n<h3>Complexe de joac\u0103 modulare<\/h3>\n<\/p><\/div>\n<div id=\"dizabilitati\" class=\"col-middle-section\"><a href=\"https:\/\/dfscentergrup.ro\/dev\/produse\/complexe-de-joaca-pentru-copii-cu-dizabilitati\/\"><img decoding=\"async\" src=\"https:\/\/dfscentergrup.ro\/dev\/wp-content\/uploads\/2021\/05\/1726-1.jpg\">&nbsp;&nbsp;&nbsp;&nbsp;&nbsp;<\/a>&nbsp;<\/p>\n<h3>Complexe de joac\u0103 pentru copii cu dizabilit\u0103\u021bi<\/h3>\n<p>&nbsp;\n<\/p><\/div>\n<\/div>\n","protected":false},"excerpt":{"rendered":"<p>Complexe de joac\u0103 Dac\u0103 adul\u021bii caut\u0103 din ce \u00een ce mai mult pachete complete de produse \u0219i servicii u\u0219or de identificat \u0219i achizi\u021bionat, de ce aceea\u0219i regul\u0103 nu ar fi valabil\u0103 \u0219i \u00een cazul copiilor secolului XXI? Este unul dintre motivele pentru care am creat complexele de joac\u0103, care \u00eenglobeaz\u0103 \u00eentr-un singur ansamblu, un num\u0103r [&hellip;]<\/p>\n","protected":false},"author":1,"featured_media":0,"parent":0,"menu_order":4,"comment_status":"closed","ping_status":"closed","template":"page-custom-complexe.php","meta":{"footnotes":""},"_links":{"self":[{"href":"https:\/\/dfscentergrup.ro\/dev\/wp-json\/wp\/v2\/pages\/20"}],"collection":[{"href":"https:\/\/dfscentergrup.ro\/dev\/wp-json\/wp\/v2\/pages"}],"about":[{"href":"https:\/\/dfscentergrup.ro\/dev\/wp-json\/wp\/v2\/types\/page"}],"author":[{"embeddable":true,"href":"https:\/\/dfscentergrup.ro\/dev\/wp-json\/wp\/v2\/users\/1"}],"replies":[{"embeddable":true,"href":"https:\/\/dfscentergrup.ro\/dev\/wp-json\/wp\/v2\/comments?post=20"}],"version-history":[{"count":61,"href":"https:\/\/dfscentergrup.ro\/dev\/wp-json\/wp\/v2\/pages\/20\/revisions"}],"predecessor-version":[{"id":2709,"href":"https:\/\/dfscentergrup.ro\/dev\/wp-json\/wp\/v2\/pages\/20\/revisions\/2709"}],"wp:attachment":[{"href":"https:\/\/dfscentergrup.ro\/dev\/wp-json\/wp\/v2\/media?parent=20"}],"curies":[{"name":"wp","href":"https:\/\/api.w.org\/{rel}","templated":true}]}}