{"id":18,"date":"2020-11-16T11:52:50","date_gmt":"2020-11-16T11:52:50","guid":{"rendered":"https:\/\/dfscentergrup.ro\/dev\/?page_id=18"},"modified":"2021-10-12T16:19:20","modified_gmt":"2021-10-12T16:19:20","slug":"echipamente-de-joaca","status":"publish","type":"page","link":"https:\/\/dfscentergrup.ro\/dev\/echipamente-de-joaca\/","title":{"rendered":"Echipamente de joaca"},"content":{"rendered":"<div class=\"echipamente-top-section\">\n<div class=\"left-echipamente-top\">\n<h2>ECHIPAMENTE DE JOACA<\/h2>\n<p>Joaca, spa\u021biul \u0219i obiectele de joac\u0103, sunt de fapt \u201c<strong>locul de munc\u0103<\/strong>\u201d al copiilor no\u0219tri, loc \u00een care \u00eenva\u021b\u0103, experimenteaz\u0103, dezvolt\u0103 abilit\u0103\u021bi fizice \u0219i psihice, afl\u0103 ce este competitivitatea, dar \u0219i colaborarea din cadrul unei echipe, cu alte cuvinte se preg\u0103tesc s\u0103 devin\u0103 <strong>OAMENI<\/strong>.<\/p>\n<div class=\"bottom-left-echipamente-top\">\n<h3>COPIL\u0102RIA, O IMENS\u0102 NEVOIE DE MIRARE.<\/h3>\n<p>&#8211; Victor Hugo<\/p>\n<\/div>\n<\/div>\n<div class=\"right-echipamente-top\"><img decoding=\"async\" src=\"https:\/\/dfscentergrup.ro\/dev\/wp-content\/uploads\/2021\/03\/Layer-4.jpg\"><\/div>\n<\/div>\n<div class=\"echipamente-middle-section\">\n<div class=\"row-middle-section\">\n<div class=\"col-middle-section\"><a href=\"https:\/\/dfscentergrup.ro\/dev\/produse\/balansoare\/\"><img decoding=\"async\" src=\"https:\/\/dfscentergrup.ro\/dev\/wp-content\/uploads\/2021\/03\/Layer-1121.png\"><\/a>&nbsp;&nbsp;&nbsp;&nbsp;&nbsp;&nbsp;<\/p>\n<h3>Balansoare<\/h3>\n<\/div>\n<div class=\"col-middle-section\"><a href=\"https:\/\/dfscentergrup.ro\/dev\/produse\/carusele-rotative-tiroliene\/\"><img decoding=\"async\" src=\"https:\/\/dfscentergrup.ro\/dev\/wp-content\/uploads\/2021\/03\/Layer-1144-3.png\">&nbsp;&nbsp;<\/a>&nbsp;&nbsp;&nbsp;&nbsp;<\/p>\n<h3>Carusele, Rotative, Tiroliene<\/h3>\n<p>&nbsp;<\/p>\n<\/div>\n<div class=\"col-middle-section\"><a href=\"https:\/\/dfscentergrup.ro\/dev\/produse\/figurine-pe-arc-elicoidal\/\"><img decoding=\"async\" src=\"https:\/\/dfscentergrup.ro\/dev\/wp-content\/uploads\/2021\/03\/Layer-1144-2.png\">&nbsp;&nbsp;&nbsp;<\/a>&nbsp;&nbsp;&nbsp;<\/p>\n<h3>Figurine pe arc elicoidal<\/h3>\n<p>&nbsp;<\/p>\n<\/div>\n<\/div>\n<div class=\"row-middle-section\">\n<div class=\"col-middle-section\"><a href=\"https:\/\/dfscentergrup.ro\/dev\/produse\/leagane\/\"><img decoding=\"async\" src=\"https:\/\/dfscentergrup.ro\/dev\/wp-content\/uploads\/2021\/03\/Layer-1144.png\">&nbsp;&nbsp;&nbsp;<\/a>&nbsp;&nbsp;&nbsp;<\/p>\n<h3>Leag\u0103ne<\/h3>\n<p>&nbsp;<\/p>\n<\/div>\n<div class=\"col-middle-section\"><a href=\"https:\/\/dfscentergrup.ro\/dev\/produse\/tobogane\/\"><img decoding=\"async\" src=\"https:\/\/dfscentergrup.ro\/dev\/wp-content\/uploads\/2021\/03\/Layer-1143-2.png\">&nbsp;&nbsp;&nbsp;<\/a>&nbsp;&nbsp;&nbsp;<\/p>\n<h3>Tobogane<\/h3>\n<p>&nbsp;<\/p>\n<\/div>\n<div class=\"col-middle-section\"><a href=\"https:\/\/dfscentergrup.ro\/dev\/produse\/echipamente-de-catarare\/\"><img decoding=\"async\" src=\"https:\/\/dfscentergrup.ro\/dev\/wp-content\/uploads\/2021\/03\/Layer-1143.jpg\">&nbsp;&nbsp;&nbsp;<\/a>&nbsp;&nbsp;&nbsp;<\/p>\n<h3>Echipamente de c\u0103\u021b\u0103rare<\/h3>\n<p>&nbsp;<\/p>\n<\/div>\n<\/div>\n<div class=\"row-middle-section\">\n<div class=\"col-middle-section\"><a href=\"https:\/\/dfscentergrup.ro\/dev\/produse\/trambuline\/\"><img decoding=\"async\" src=\"https:\/\/dfscentergrup.ro\/dev\/wp-content\/uploads\/2021\/03\/Layer-1143-4.jpg\">&nbsp;&nbsp;&nbsp;<\/a>&nbsp;&nbsp;&nbsp;<\/p>\n<h3>Trambuline<\/h3>\n<p>&nbsp;<\/p>\n<\/div>\n<div class=\"col-middle-section\"><a href=\"https:\/\/dfscentergrup.ro\/dev\/produse\/echipamente-muzicale\/\"><img decoding=\"async\" src=\"https:\/\/dfscentergrup.ro\/dev\/wp-content\/uploads\/2021\/03\/Layer-1143-3.jpg\">&nbsp;&nbsp;&nbsp;<\/a>&nbsp;&nbsp;&nbsp;<\/p>\n<h3>Echipamente muzicale<\/h3>\n<p>&nbsp;<\/p>\n<\/div>\n<div class=\"col-middle-section\"><a href=\"https:\/\/dfscentergrup.ro\/dev\/produse\/echipamente-hi-tech\/\"><img decoding=\"async\" src=\"https:\/\/dfscentergrup.ro\/dev\/wp-content\/uploads\/2021\/03\/DJ-Post-detail.jpg\">&nbsp;&nbsp;&nbsp;<\/a>&nbsp;&nbsp;&nbsp;<\/p>\n<h3>Echipamente hi-tech<\/h3>\n<p>&nbsp;<\/p>\n<\/div>\n<\/div>\n<div class=\"row-middle-section\">\n<div class=\"col-middle-section\"><a href=\"https:\/\/dfscentergrup.ro\/dev\/produse\/nisipare-si-joc-in-nisip\/\"><img decoding=\"async\" src=\"https:\/\/dfscentergrup.ro\/dev\/wp-content\/uploads\/2021\/03\/Layer-1143-1.jpg\">&nbsp;&nbsp;&nbsp;<\/a>&nbsp;&nbsp;&nbsp;<\/p>\n<h3>Nisipare \u0219i joc \u00een nisip<\/h3>\n<p>&nbsp;<\/p>\n<\/div>\n<div class=\"col-middle-section\"><a href=\"https:\/\/dfscentergrup.ro\/dev\/produse\/pardoseli-elastice\/\"><img decoding=\"async\" src=\"https:\/\/dfscentergrup.ro\/dev\/wp-content\/uploads\/2021\/03\/Layer-1143-2.jpg\">&nbsp;&nbsp;&nbsp;<\/a>&nbsp;&nbsp;&nbsp;<\/p>\n<h3>Pardoseli elastice<\/h3>\n<p>&nbsp;<\/p>\n<\/div>\n<div class=\"col-middle-section hide-mobile\" style=\"background-color: #ededed;\">&nbsp;<\/div>\n<\/div>\n<\/div>\n","protected":false},"excerpt":{"rendered":"<p>ECHIPAMENTE DE JOACA Joaca, spa\u021biul \u0219i obiectele de joac\u0103, sunt de fapt \u201clocul de munc\u0103\u201d al copiilor no\u0219tri, loc \u00een care \u00eenva\u021b\u0103, experimenteaz\u0103, dezvolt\u0103 abilit\u0103\u021bi fizice \u0219i psihice, afl\u0103 ce este competitivitatea, dar \u0219i colaborarea din cadrul unei echipe, cu alte cuvinte se preg\u0103tesc s\u0103 devin\u0103 OAMENI. COPIL\u0102RIA, O IMENS\u0102 NEVOIE DE MIRARE. &#8211; Victor [&hellip;]<\/p>\n","protected":false},"author":1,"featured_media":0,"parent":0,"menu_order":3,"comment_status":"closed","ping_status":"closed","template":"page-custom-echipamente.php","meta":{"footnotes":""},"_links":{"self":[{"href":"https:\/\/dfscentergrup.ro\/dev\/wp-json\/wp\/v2\/pages\/18"}],"collection":[{"href":"https:\/\/dfscentergrup.ro\/dev\/wp-json\/wp\/v2\/pages"}],"about":[{"href":"https:\/\/dfscentergrup.ro\/dev\/wp-json\/wp\/v2\/types\/page"}],"author":[{"embeddable":true,"href":"https:\/\/dfscentergrup.ro\/dev\/wp-json\/wp\/v2\/users\/1"}],"replies":[{"embeddable":true,"href":"https:\/\/dfscentergrup.ro\/dev\/wp-json\/wp\/v2\/comments?post=18"}],"version-history":[{"count":25,"href":"https:\/\/dfscentergrup.ro\/dev\/wp-json\/wp\/v2\/pages\/18\/revisions"}],"predecessor-version":[{"id":2744,"href":"https:\/\/dfscentergrup.ro\/dev\/wp-json\/wp\/v2\/pages\/18\/revisions\/2744"}],"wp:attachment":[{"href":"https:\/\/dfscentergrup.ro\/dev\/wp-json\/wp\/v2\/media?parent=18"}],"curies":[{"name":"wp","href":"https:\/\/api.w.org\/{rel}","templated":true}]}}