{"id":14,"date":"2020-11-16T11:52:12","date_gmt":"2020-11-16T11:52:12","guid":{"rendered":"https:\/\/dfscentergrup.ro\/dev\/?page_id=14"},"modified":"2021-07-23T12:04:34","modified_gmt":"2021-07-23T12:04:34","slug":"despre-noi","status":"publish","type":"page","link":"https:\/\/dfscentergrup.ro\/dev\/despre-noi\/","title":{"rendered":"Despre noi"},"content":{"rendered":"<div class=\"aw-about-left-column\">\n<div class=\"blue-square top-column\"><\/div>\n<div class=\"red-cross top-column\"><\/div>\n<div class=\"purple-moon top-column\"><\/div>\n<div class=\"purple-wave top-column\"><\/div>\n<h2 class=\"about-title\">peste 20 ani de<br \/>\nexcelen\u021b\u0103 \u00een domeniu<\/h2>\n<h3 class=\"about-subtitle\"><span class=\"purple\">peste 20 ani de produse de calitate<\/span><\/h3>\n<p class=\"about-text\">Produsele comercializate de DFS sunt, pe de o parte, importate de la cei mai renumi\u021bi produc\u0103tori externi, iar pe de alt\u0103 parte sunt produse fabricate \u201cin house\u201d, \u00een cadrul sec\u021biilor de produc\u021bie proprii.\u00a0Indiferent de provenien\u021b\u0103, produsele noastre sunt certificate din punct de vedere al calit\u0103\u021bii, siguran\u021bei \u00een exploatare \u0219i al mediului, de c\u0103tre organisme na\u021bionale \u0219i interna\u021bionale recunoscute (RINA SIMTEX, TUV, ECJIP\u00a0etc.).\u00a0Mai mult, speciali\u0219tii, echipele de montaj \u0219i procesele care se desf\u0103\u0219oar\u0103 \u00een companie, sunt certificate de ISCIR \u0219i RINA SIMTEX din punct de vedere al conformit\u0103\u021bii cu standardele ISO 9001, ISO 14001 \u0219i ISO 45001.\u00a0<\/p>\n<p class=\"about-text\"><strong>Cu peste 1000 de proiecte finalizate<\/strong>, calitatea serviciilor oferite de companie se perfec\u021bioneaz\u0103 constant, \u00een acest moment\u00a0av\u00e2nd capacitatea\u00a0s\u0103 livr\u0103m\u00a0\u0219i s\u0103 implement\u0103m\u00a0proiecte de orice complexitate, \u00a0la cele mai \u00eenalte standarde, indiferent de suprafa\u021ba sau de nivelul de anvergur\u0103.<\/span><\/p>\n<div class=\"about-img-holder\">\n<div class=\"yellow-circle mid-img\"><\/div>\n<div class=\"red-cross mid-img\"><\/div>\n<div class=\"yellow-moon mid-img\"><\/div>\n<div class=\"yellow-moon mid-img\"><\/div>\n<div class=\"purple-wave mid-img\"><\/div>\n<p><img decoding=\"async\" src=\"\/dev\/wp-content\/uploads\/2020\/11\/about-us-2.png\" alt=\"about us image\" class=\"about-us-img\"><\/p>\n<\/div>\n<h3 class=\"about-subtitle\"><span class=\"red\">peste 20 ani de profesionalism<\/span><span class=\"hollow-red-circle mid-subtitle\"><\/span><\/h3>\n<p class=\"about-text\">Avem o echip\u0103 de profesioni\u0219ti cu experien\u021b\u0103, autoriza\u021bi ISCIR, gata s\u0103 pun\u0103 \u00een practic\u0103 toate ideile tale, dar nu oricum, ci av\u00e2nd grij\u0103 s\u0103 respecte toate prescrip\u021biile tehnice \u0219i standardele \u00een domeniul lor de activitate.<\/p>\n<p class=\"about-text\">Expertiza dob\u00e2ndit\u0103 \u0219i \u00een\u021belegerea \u00een detaliu a industriei ne ajut\u0103 s\u0103 identific\u0103m cele  mai bune solu\u021bii pentru fiecare dintre clien\u021bii no\u0219tri, pe care \u00eei sus\u021binem \u00eenc\u0103 din prima etap\u0103, prin sesiuni de consultan\u021b\u0103 ini\u021bial\u0103.<br \/>\n<span class=\"purple-wave bottom-left-txt\"><\/span><br \/>\n<span class=\"red-cross bottom-left-txt\"><\/span><br \/>\n<span class=\"purple-moon bottom-left-txt\"><\/span><\/p>\n<\/div>\n<div class=\"aw-about-right-column\">\n<div class=\"about-img-holder\">\n        <img decoding=\"async\" src=\"\/dev\/wp-content\/uploads\/2020\/11\/abou-us-1.png\" alt=\"about us image\" class=\"about-us-img\"><br \/>\n<span class=\"red-cross top-right-img\"><\/span><br \/>\n<span class=\"purple-moon top-right-img\"><\/span><br \/>\n<span class=\"yellow-moon top-right-img\"><\/span><br \/>\n<span class=\"blue-square top-right-img\"><\/span><br \/>\n<span class=\"yellow-circle top-right-img\"><\/span><br \/>\n<span class=\"hollow-red-circle top-right-img\"><\/span><br \/>\n<span class=\"purple-moon scnd-btm top-right-img\"><\/span><\/div>\n<h3 class=\"about-subtitle\"><span class=\"blue\">peste 20 ani de servicii complete<\/span><\/h3>\n<p class=\"about-text\">\u00cenainte de a demara orice proiect, pornim de la consultan\u021b\u0103, studii de pia\u021b\u0103 sau de oportunitate. Continu\u0103m cu furnizarea, montajul \u0219i asigurarea service-ului \u00een \u0219i post-garan\u021bie. Serviciile noastre includ chiar \u0219i crearea de produse noi, configurabile pe cerin\u021bele clien\u021bilor.<\/p>\n<p class=\"about-text\"><strong>Pentru livrarea celor mai bune solu\u021bii de pe pia\u021b\u0103, speciali\u0219tii DFS urmeaz\u0103 o serie de pa\u0219i clar defini\u021bi:<\/strong><\/p>\n<div class=\"abbout-text-list-container\">\n<p class=\"about-text-list\"><strong>Pasul 1:<\/strong> Consultan\u021b\u0103 personalizat\u0103<\/p>\n<p class=\"about-text-list\"><strong>Pasul 2:<\/strong> Consultan\u021b\u0103 legislativ\u0103<\/p>\n<p class=\"about-text-list\"><strong>Pasul 3:<\/strong> Propuneri de echipamente certificate<\/p>\n<p class=\"about-text-list\"><strong>Pasul 4:<\/strong> Prezentare 2D \u0219i 3D<\/p>\n<p class=\"about-text-list\"><strong>Pasul 5:<\/strong> Transport, asamblare \u0219i montaj \u00een teren<\/p>\n<p class=\"about-text-list\"><strong>Pasul 6:<\/strong> Lucr\u0103ri de mentenan\u021b\u0103 care presupun continuarea implic\u0103rii \u00een proiect, at\u00e2t \u00een perioada de garan\u021bie, c\u00e2t \u0219i la cerere, \u00een post-garan\u021bie.<\/p>\n<p>        <span class=\"blue-square  btm-txt-list\"><\/span><br \/>\n<span class=\"hollow-red-circle  btm-txt-list\"><\/span><br \/>\n<span class=\"red-moon btm-txt-list\"><\/span><br \/>\n<span class=\"blue-circle btm-txt-list\"><\/span><br \/>\n<span class=\"yellow-circle  btm-txt-list\"><\/span><br \/>\n<span class=\"yellow-wave  btm-txt-list\"><\/span><\/p>\n<\/div>\n<p><!--\n\n\n<div class=\"about-carousel-container\">\n\n\n<div class=\"owl-carousel owl-theme\" id=\"about-carousel\">\n\n\n<div class=\"item\">\n                <img decoding=\"async\" src=\"\/dev\/wp-content\/uploads\/2020\/12\/Dragos-Dorcioman_Administrator-300x300-1.jpg\" alt=\"carousel image\" class=\"about-carouesl-img\">\n\n\n<p class=\"about-carousel-nume\">Dragos Dorcioman<\/p>\n\n\n\n\n<p class=\"about-carousel-functie\">Administrator<\/p>\n\n\n\n\n<\/div>\n\n\n\n\n<div class=\"item\">\n                <img decoding=\"async\" src=\"\/dev\/wp-content\/uploads\/2020\/12\/Camelia-Dorcioman_Manager-General-300x300-1.jpg\" alt=\"carousel image\" class=\"about-carouesl-img\">\n\n\n<p class=\"about-carousel-nume\">Camelia Dorcioman<\/p>\n\n\n\n\n<p class=\"about-carousel-functie\">General Manager<\/p>\n\n\n\n\n<\/div>\n\n\n\n\n<div class=\"item\">\n                <img decoding=\"async\" src=\"\/dev\/wp-content\/uploads\/2020\/11\/about-carousel-1.png\" alt=\"carousel image\" class=\"about-carouesl-img\">\n\n\n<p class=\"about-carousel-nume\">Elena Sima<\/p>\n\n\n\n\n<p class=\"about-carousel-functie\">economist<\/p>\n\n\n\n\n<\/div>\n\n\n<\/div>\n\n\n<\/div>\n\n\n-->\n<\/div>\n","protected":false},"excerpt":{"rendered":"<p>peste 20 ani de excelen\u021b\u0103 \u00een domeniu peste 20 ani de produse de calitate Produsele comercializate de DFS sunt, pe de o parte, importate de la cei mai renumi\u021bi produc\u0103tori externi, iar pe de alt\u0103 parte sunt produse fabricate \u201cin house\u201d, \u00een cadrul sec\u021biilor de produc\u021bie proprii.\u00a0Indiferent de provenien\u021b\u0103, produsele noastre sunt certificate din punct [&hellip;]<\/p>\n","protected":false},"author":1,"featured_media":0,"parent":0,"menu_order":1,"comment_status":"closed","ping_status":"closed","template":"page-custom-about.php","meta":{"footnotes":""},"_links":{"self":[{"href":"https:\/\/dfscentergrup.ro\/dev\/wp-json\/wp\/v2\/pages\/14"}],"collection":[{"href":"https:\/\/dfscentergrup.ro\/dev\/wp-json\/wp\/v2\/pages"}],"about":[{"href":"https:\/\/dfscentergrup.ro\/dev\/wp-json\/wp\/v2\/types\/page"}],"author":[{"embeddable":true,"href":"https:\/\/dfscentergrup.ro\/dev\/wp-json\/wp\/v2\/users\/1"}],"replies":[{"embeddable":true,"href":"https:\/\/dfscentergrup.ro\/dev\/wp-json\/wp\/v2\/comments?post=14"}],"version-history":[{"count":36,"href":"https:\/\/dfscentergrup.ro\/dev\/wp-json\/wp\/v2\/pages\/14\/revisions"}],"predecessor-version":[{"id":2269,"href":"https:\/\/dfscentergrup.ro\/dev\/wp-json\/wp\/v2\/pages\/14\/revisions\/2269"}],"wp:attachment":[{"href":"https:\/\/dfscentergrup.ro\/dev\/wp-json\/wp\/v2\/media?parent=14"}],"curies":[{"name":"wp","href":"https:\/\/api.w.org\/{rel}","templated":true}]}}